{"id":29,"date":"2015-05-25T21:11:19","date_gmt":"2015-05-25T19:11:19","guid":{"rendered":"http:\/\/neu.hosang-disentis.ch\/wordpress\/?page_id=29"},"modified":"2020-03-17T16:30:14","modified_gmt":"2020-03-17T15:30:14","slug":"impressum","status":"publish","type":"page","link":"https:\/\/www.papetaria.ch\/ro\/impressum\/","title":{"rendered":"(Deutsch) Impressum"},"content":{"rendered":"<p><\/p>\n<h3>Cuntegn<\/h3>\n<p>Papetaria Libraria Andrea<br \/>\nVia\u00a0Cavardiras 2<br \/>\n7180 Disentis\/Must\u00e9r<br \/>\nTel. 043 233 30 30<br \/>\n<a href=\"mailto:info@papetaria.ch\" target=\"_blank\" rel=\"noopener noreferrer\">info@papetaria.ch<\/a><\/p>\n<h2><\/h2>\n<h2><\/h2>\n<h3>Design &amp; programmaziun<\/h3>\n<p>luna:mediadesign GmbH<br \/>\nVia principala 36<br \/>\n7166 Trun<br \/>\nTel. 081 544 54 10<br \/>\n<a href=\"mailto:info@lunamedia.ch\">info@lunamedia.ch<\/a><br \/>\n<a href=\"http:\/\/www.lunamedia.ch\" target=\"_blank\" rel=\"noopener noreferrer\">www.lunamedia.ch<\/a><\/p>\n<h2><\/h2>\n<h3><\/h3>\n<h3>Haftungsausschluss<\/h3>\n<p>Der Webseitenbetreiber \u00fcbernimmt keine Gew\u00e4hr, dass die Webseite und der jeweilige Server frei von Viren oder sch\u00e4dlichen Bestandteilen sind. Wir \u00fcbernehmen keine Haftung f\u00fcr Sch\u00e4den und Folgesch\u00e4den die sich aus dem Zugriff auf die Elemente der Webseite oder deren Benutzung ergeben. Trotz sorgf\u00e4ltiger, inhaltlicher Kontrolle \u00fcbernehmen wir keine Haftung f\u00fcr die Korrektheit der auf dieser Webseite publizierten Informationen. Die auf dieser Webseite verbreiteten Informationen und Ansichten k\u00f6nnen jederzeit und ohne Ank\u00fcndigung ge\u00e4ndert werden. Alle auf dieser Webseite publizierten Informationen sind rechtlich nicht verbindlich.<\/p>\n<h2><\/h2>\n<h3><\/h3>\n<h3>Verweise und Links<\/h3>\n<p>Die luna:mediadesign GmbH hat keinen Einfluss auf direkt oder indirekt verwiesenen Websites anderer Anbieter und haftet nicht f\u00fcr deren Verf\u00fcgbarkeit und Inhalte oder f\u00fcr Sch\u00e4den, die durch die Nutzung solcher Websites entstehen. F\u00fcr den Inhalt der verlinkten Seiten sind ausschliesslich deren Betreiber verantwortlich.<\/p>\n<h2><\/h2>\n<p>&nbsp;<\/p>\n<h3>Copyright<\/h3>\n<p>Die Website ist urheberrechtlich gesch\u00fctzt. Eine Vervielf\u00e4ltigung oder Nutzung von Inhalten in anderen elektronischen oder gedruckten Ver\u00f6ffentlichungen ist ohne vorherige Zustimmung der luna:mediadesign GmbH nicht erlaubt.<\/p>\n<h2><\/h2>\n<p>&nbsp;<\/p>\n<p>&nbsp;<\/p>\n<h3>Datenschutz<\/h3>\n<p>Pers\u00f6nliche Daten, die beim Ausf\u00fcllen von Formularen \u00fcber die Website \u00fcbermittelt werden, sind vertraulich und werden nicht an Dritte weitergegeben.<\/p>","protected":false},"excerpt":{"rendered":"<p>Cuntegn Papetaria Libraria Andrea Via\u00a0Cavardiras 2 7180 Disentis\/Must\u00e9r Tel. 043 233 30 30 info@papetaria.ch Design &amp; programmaziun luna:mediadesign GmbH Via principala 36 7166 Trun Tel. 081 544 54 10 info@lunamedia.ch www.lunamedia.ch Haftungsausschluss Der Webseitenbetreiber \u00fcbernimmt keine Gew\u00e4hr, dass die Webseite und der jeweilige Server frei von Viren oder sch\u00e4dlichen Bestandteilen sind. Wir \u00fcbernehmen keine Haftung [&hellip;]<\/p>\n","protected":false},"author":1,"featured_media":0,"parent":0,"menu_order":5,"comment_status":"open","ping_status":"closed","template":"page1.php","meta":{"footnotes":""},"class_list":["post-29","page","type-page","status-publish","hentry"],"_links":{"self":[{"href":"https:\/\/www.papetaria.ch\/ro\/wp-json\/wp\/v2\/pages\/29","targetHints":{"allow":["GET"]}}],"collection":[{"href":"https:\/\/www.papetaria.ch\/ro\/wp-json\/wp\/v2\/pages"}],"about":[{"href":"https:\/\/www.papetaria.ch\/ro\/wp-json\/wp\/v2\/types\/page"}],"author":[{"embeddable":true,"href":"https:\/\/www.papetaria.ch\/ro\/wp-json\/wp\/v2\/users\/1"}],"replies":[{"embeddable":true,"href":"https:\/\/www.papetaria.ch\/ro\/wp-json\/wp\/v2\/comments?post=29"}],"version-history":[{"count":35,"href":"https:\/\/www.papetaria.ch\/ro\/wp-json\/wp\/v2\/pages\/29\/revisions"}],"predecessor-version":[{"id":238,"href":"https:\/\/www.papetaria.ch\/ro\/wp-json\/wp\/v2\/pages\/29\/revisions\/238"}],"wp:attachment":[{"href":"https:\/\/www.papetaria.ch\/ro\/wp-json\/wp\/v2\/media?parent=29"}],"curies":[{"name":"wp","href":"https:\/\/api.w.org\/{rel}","templated":true}]}}